{"id":52,"date":"2020-06-03T19:33:07","date_gmt":"2020-06-03T16:33:07","guid":{"rendered":"https:\/\/klavuzmetal.com\/?page_id=52"},"modified":"2021-04-26T16:34:22","modified_gmt":"2021-04-26T13:34:22","slug":"faqs","status":"publish","type":"page","link":"https:\/\/www.link-up.com.tr\/en\/faqs\/","title":{"rendered":"FAQs"},"content":{"rendered":"\n<div class=\"wp-block-safirtema-sorucevap safir-faq\"><div class=\"question\"><div class=\"icon\"><\/div><span class=\"text\">Proje bazl\u0131 fiyat teklifi veriyor musunuz?<\/span><div class=\"openclose\"><\/div><\/div><p class=\"answer\"><\/p><\/div>\n\n\n\n<div class=\"wp-block-safirtema-sorucevap safir-faq\"><div class=\"question\"><div class=\"icon\"><\/div><span class=\"text\">Talep do\u011frultusunda \u00f6zel \u00fcretim yap\u0131yor musunuz?<\/span><div class=\"openclose\"><\/div><\/div><p class=\"answer\"><\/p><\/div>\n\n\n\n<div class=\"wp-block-safirtema-sorucevap safir-faq\"><div class=\"question\"><div class=\"icon\"><\/div><span class=\"text\">\u015eehir d\u0131\u015f\u0131na sevkiyat \u00fccretli midir?<\/span><div class=\"openclose\"><\/div><\/div><p class=\"answer\"><\/p><\/div>\n","protected":false},"excerpt":{"rendered":"","protected":false},"author":1,"featured_media":0,"parent":0,"menu_order":0,"comment_status":"closed","ping_status":"closed","template":"","meta":{"footnotes":""},"_links":{"self":[{"href":"https:\/\/www.link-up.com.tr\/en\/wp-json\/wp\/v2\/pages\/52"}],"collection":[{"href":"https:\/\/www.link-up.com.tr\/en\/wp-json\/wp\/v2\/pages"}],"about":[{"href":"https:\/\/www.link-up.com.tr\/en\/wp-json\/wp\/v2\/types\/page"}],"author":[{"embeddable":true,"href":"https:\/\/www.link-up.com.tr\/en\/wp-json\/wp\/v2\/users\/1"}],"replies":[{"embeddable":true,"href":"https:\/\/www.link-up.com.tr\/en\/wp-json\/wp\/v2\/comments?post=52"}],"version-history":[{"count":5,"href":"https:\/\/www.link-up.com.tr\/en\/wp-json\/wp\/v2\/pages\/52\/revisions"}],"predecessor-version":[{"id":879,"href":"https:\/\/www.link-up.com.tr\/en\/wp-json\/wp\/v2\/pages\/52\/revisions\/879"}],"wp:attachment":[{"href":"https:\/\/www.link-up.com.tr\/en\/wp-json\/wp\/v2\/media?parent=52"}],"curies":[{"name":"wp","href":"https:\/\/api.w.org\/{rel}","templated":true}]}}