{"id":532,"date":"2021-02-16T13:14:55","date_gmt":"2021-02-16T10:14:55","guid":{"rendered":"https:\/\/klavuzmetal.com\/?page_id=532"},"modified":"2021-04-26T16:33:54","modified_gmt":"2021-04-26T13:33:54","slug":"references","status":"publish","type":"page","link":"https:\/\/www.link-up.com.tr\/en\/references\/","title":{"rendered":"References"},"content":{"rendered":"\n<figure class=\"wp-block-table is-style-stripes\"><table class=\"has-fixed-layout\"><tbody><tr><td class=\"has-text-align-center\" data-align=\"center\">Adana \u015eehir Stadyumu<\/td><td class=\"has-text-align-center\" data-align=\"center\">Halkal\u0131 Mehmet Akif Ersoy E\u011ft. Ar\u015f. Hast. Ek Binas\u0131<\/td><\/tr><tr><td class=\"has-text-align-center\" data-align=\"center\">Ad\u0131yaman Park Avm<\/td><td class=\"has-text-align-center\" data-align=\"center\">\u0130stanbul Akvaryum \u015eantiyesi<\/td><\/tr><tr><td class=\"has-text-align-center\" data-align=\"center\">Aksaray Devlet Hastanesi<\/td><td class=\"has-text-align-center\" data-align=\"center\">\u0130stanbul B\u00fcy\u00fck\u015fehir Belediyesi Metro \u015eantiyeleri<\/td><\/tr><tr><td class=\"has-text-align-center\" data-align=\"center\">Ankara 200 Yatakl\u0131 Devlet Hastane \u015eantiyesi<\/td><td class=\"has-text-align-center\" data-align=\"center\">\u0130stanbul \u00dc\u00e7\u00fcnc\u00fc Havaliman\u0131<\/td><\/tr><tr><td class=\"has-text-align-center\" data-align=\"center\">Ankara Bilkent \u00dcniversitesi Hastanesi<\/td><td class=\"has-text-align-center\" data-align=\"center\">\u0130zmit \u015eehir Hastanesi<\/td><\/tr><tr><td class=\"has-text-align-center\" data-align=\"center\">Ankara Epdk<\/td><td class=\"has-text-align-center\" data-align=\"center\">Karaman Devlet Hastanesi<\/td><\/tr><tr><td class=\"has-text-align-center\" data-align=\"center\">Ankara Fen Lisesi<\/td><td class=\"has-text-align-center\" data-align=\"center\">Mall Off \u0130stanbul Avm Rezidans<\/td><\/tr><tr><td class=\"has-text-align-center\" data-align=\"center\">Ankara Lalahan Projesi<\/td><td class=\"has-text-align-center\" data-align=\"center\">\u00d6zye\u011fin \u00dcniversitesi<\/td><\/tr><tr><td class=\"has-text-align-center\" data-align=\"center\">Ankara Roketsan<\/td><td class=\"has-text-align-center\" data-align=\"center\">Seyrantepe \u015ei\u015fli Eftal Hastanesi<\/td><\/tr><tr><td class=\"has-text-align-center\" data-align=\"center\">B\u00fcy\u00fck\u00e7ekmece Ayd\u0131n \u00dcniversitesi<\/td><td class=\"has-text-align-center\" data-align=\"center\">Sivas Devlet Hastanesi<\/td><\/tr><tr><td class=\"has-text-align-center\" data-align=\"center\">Dudullu Metro Corner Avm<\/td><td class=\"has-text-align-center\" data-align=\"center\">Sultanbeyli Atlas Avm<\/td><\/tr><tr><td class=\"has-text-align-center\" data-align=\"center\">Emaar Avm ve Rezidans<\/td><td class=\"has-text-align-center\" data-align=\"center\">Su\u015fehri \u00d6\u011frenci Yurdu<\/td><\/tr><tr><td class=\"has-text-align-center\" data-align=\"center\">Florya Ayd\u0131n \u00dcniversitesi<\/td><td class=\"has-text-align-center\" data-align=\"center\">Tekirda\u011f \u00c7orlu Serbest B\u00f6lge<\/td><\/tr><tr><td class=\"has-text-align-center\" data-align=\"center\">G.O.P Devlet Hastanesi<\/td><td class=\"has-text-align-center\" data-align=\"center\">\u00dcmraniye Akyaka Avm<\/td><\/tr><tr><td class=\"has-text-align-center\" data-align=\"center\">Gebze Bili\u015fim Vadisi (T\u00fcbitak)<\/td><td class=\"has-text-align-center\" data-align=\"center\">\u00dcmraniye Buyaka Avm<\/td><\/tr><tr><td class=\"has-text-align-center\" data-align=\"center\">Giresun \u015eehir Stadyumu<\/td><td class=\"has-text-align-center\" data-align=\"center\">\u00dcsk\u00fcdar Belediyesi Nikah Salonu ve K\u00fclt\u00fcr Merkezi<\/td><\/tr><tr><td class=\"has-text-align-center\" data-align=\"center\">G\u00f6ztepe Marmara \u00dcniversitesi Hastanesi<\/td><td class=\"has-text-align-center\" data-align=\"center\">Vadi \u0130stanbul Avm<\/td><\/tr><tr><td class=\"has-text-align-center\" data-align=\"center\">G\u00fcm\u00fc\u015fhane Devlet Hastanesi<\/td><td class=\"has-text-align-center\" data-align=\"center\">Van Erci\u015f Devlet Hastanesi<\/td><\/tr><\/tbody><\/table><\/figure>\n","protected":false},"excerpt":{"rendered":"<p>Adana \u015eehir Stadyumu Halkal\u0131 Mehmet Akif Ersoy E\u011ft. Ar\u015f. Hast. Ek Binas\u0131 Ad\u0131yaman Park Avm \u0130stanbul Akvaryum \u015eantiyesi Aksaray Devlet Hastanesi \u0130stanbul B\u00fcy\u00fck\u015fehir Belediyesi Metro \u015eantiyeleri Ankara 200 Yatakl\u0131 Devlet Hastane \u015eantiyesi \u0130stanbul \u00dc\u00e7\u00fcnc\u00fc Havaliman\u0131 Ankara Bilkent \u00dcniversitesi Hastanesi \u0130zmit \u015eehir Hastanesi Ankara Epdk Karaman Devlet Hastanesi Ankara Fen Lisesi Mall Off \u0130stanbul Avm Rezidans [&hellip;]<\/p>\n","protected":false},"author":1,"featured_media":0,"parent":0,"menu_order":0,"comment_status":"closed","ping_status":"closed","template":"","meta":{"footnotes":""},"_links":{"self":[{"href":"https:\/\/www.link-up.com.tr\/en\/wp-json\/wp\/v2\/pages\/532"}],"collection":[{"href":"https:\/\/www.link-up.com.tr\/en\/wp-json\/wp\/v2\/pages"}],"about":[{"href":"https:\/\/www.link-up.com.tr\/en\/wp-json\/wp\/v2\/types\/page"}],"author":[{"embeddable":true,"href":"https:\/\/www.link-up.com.tr\/en\/wp-json\/wp\/v2\/users\/1"}],"replies":[{"embeddable":true,"href":"https:\/\/www.link-up.com.tr\/en\/wp-json\/wp\/v2\/comments?post=532"}],"version-history":[{"count":2,"href":"https:\/\/www.link-up.com.tr\/en\/wp-json\/wp\/v2\/pages\/532\/revisions"}],"predecessor-version":[{"id":878,"href":"https:\/\/www.link-up.com.tr\/en\/wp-json\/wp\/v2\/pages\/532\/revisions\/878"}],"wp:attachment":[{"href":"https:\/\/www.link-up.com.tr\/en\/wp-json\/wp\/v2\/media?parent=532"}],"curies":[{"name":"wp","href":"https:\/\/api.w.org\/{rel}","templated":true}]}}